{"id":3,"date":"2021-12-08T13:53:46","date_gmt":"2021-12-08T13:53:46","guid":{"rendered":"http:\/\/dm-nts16.ikt.hs-ulm.de\/?page_id=3"},"modified":"2023-08-28T06:21:09","modified_gmt":"2023-08-28T06:21:09","slug":"privacy-policy","status":"publish","type":"page","link":"https:\/\/h5pvideo.azurewebsites.net\/index.php\/privacy-policy\/","title":{"rendered":"Datenschutzerkl\u00e4rung in verst\u00e4ndlicher Sprache"},"content":{"rendered":"\n<p><strong>Kontakt<\/strong>: Jochen Herrmann, Technische Hochschule Ulm<br>Albert-Einstein-Allee 53,<br>89081 Ulm<br><a href=\"mailto:dm@hs-ulm.de\">dm@hs-ulm.de<\/a><br>Telefon: +49 (0)731\/96537 448<\/p>\n\n\n\n<p><strong>Den beh\u00f6rdlichen Datenschutzbeauftragtender Technische Hochschule Ulm erreichen Sie unter<\/strong><\/p>\n\n\n\n<p><a href=\"mailto:datenschutzbeauftragter@hs-ulm.de\">datenschutzbeauftragter@hs-ulm.de<\/a><\/p>\n\n\n\n<p>Datenschutzbeauftragter der Technische Hochschule Ulm Prittwitzstrasse 10<br>89075 Ulm<br>Telefon: +49 (0)731 96537-100\u00a0<br>Telefax: +49 (0)731 96537-120<\/p>\n\n\n\n<p>Die folgenden Datenschutzhinweise geben Ihnen einen \u00dcberblick \u00fcber die Erfassung und Verarbeitung von Daten zu Ihrer Person in unseren Webangeboten. Sollten Sie an weitergehenden Informationen interessiert sein, so finden Sie diese hier:&nbsp;<a href=\"https:\/\/studium.hs-ulm.de\/de\/Seiten\/Datenschutzerklaerung.aspx\">https:\/\/studium.hs-ulm.de\/de\/Seiten\/Datenschutzerklaerung.aspx<\/a><\/p>\n\n\n\n<h4 class=\"wp-block-heading\">Wer sind wir?<\/h4>\n\n\n\n<p>Wir freuen uns, Sie auf den Webseiten der Hochschule Ulm begr\u00fc\u00dfen zu d\u00fcrfen. Genauere Angaben \u00fcber unsere Firma finden Sie im Impressum:&nbsp;<a href=\"https:\/\/www.dm.hs-ulm.de\/Impressum\/\">https:\/\/www.dm.hs-ulm.de\/Impressum\/<\/a><\/p>\n\n\n\n<p>Wir setzen teilweise Partnerunternehmen f\u00fcr die Verarbeitung von Daten ein. Die volle Verantwortung f\u00fcr die Datenverarbeitung verbleibt bei uns.<\/p>\n\n\n\n<p><strong>Warum erfassen wir Daten von Ihnen?<\/strong><\/p>\n\n\n\n<p>Wir erfassen Daten \u00fcber Ihre Person ausschlie\u00dflich im gesetzlich vorgesehenen Rahmen zu folgenden Zwecken:<\/p>\n\n\n\n<ul class=\"wp-block-list\">\n<li>Zur Gew\u00e4hrleistung der Betriebssicherheit unseres Webanagebots, d.h. zur Missbrauchserkennung und St\u00f6rungsbeseitigung.<\/li>\n\n\n\n<li>Zur Optimierung der Darstellung der Antworten auf Ihrem Computer.<\/li>\n\n\n\n<li>Zur Erf\u00fcllung gesetzlicher Auskunftspflichten gegen\u00fcber staatlichen Stellen.<\/li>\n\n\n\n<li>Zur Auskunftserteilung gegen\u00fcber Inhabern von Urheber- und Leistungsschutzrechten auf Aufforderung dieser.<\/li>\n<\/ul>\n\n\n\n<p><strong>Welche Daten erfassen wir von Ihnen?<\/strong><\/p>\n\n\n\n<p>Unser Webangebot erfasst einige Daten \u00fcber Ihren Computer bereits w\u00e4hrend der Nutzung unseres Webangebots. Daten mit direktem Personenbezug erfragen wir bei Bedarf \u00fcber entsprechende Kontaktformulare.<\/p>\n\n\n\n<p>Wir erfassen&nbsp;<strong>technische Merkmale<\/strong>&nbsp;\u00fcber Ihren Computer. Im wesentliche sind dies Name bzw. IP-Adresse Ihres Computers, der verwendete Webbrowser (Hersteller, Versionsnummer), das Betriebssystem Ihres Computers sowie die Anfragen Ihres Webbrowsers und die Antworten unseres Webservers hierauf.<\/p>\n\n\n\n<p><strong>Wie sch\u00fctzen wir Ihre Daten?<\/strong><\/p>\n\n\n\n<p>Zun\u00e4chst reduzieren wir die erfassten Daten auf ein Minimum und verzichten soweit wie m\u00f6glich auf Cookies un Social-Media-Plugins (z.B. \u201eLike Buttons\u201c).<\/p>\n\n\n\n<p>Wir verwenden Cookies nur um Ihre Identit\u00e4t nach einem Login zu speichern. So verhindern wir, dass Sie sich st\u00e4ndig neu anmelden m\u00fcssen und gegebenenfalls Opfer eines Hackerangriffs werden. Wir verzichten auf Social-Media-Plugins.<\/p>\n\n\n\n<p><strong>Wie lange halten wir Ihre Daten vor?<\/strong><\/p>\n\n\n\n<p>Wir speichern Ihre Daten nur solange, wie sie zur Erf\u00fcllung des jeweiligen Zwecks erforderlich sind. Bei Newslettern etwa solange Sie dem Versand nicht widersprechen.<\/p>\n\n\n\n<p>Daten, die f\u00fcr statistische Auswertungen l\u00e4ngerfristig ben\u00f6tigt werden, werden ausschlie\u00dflich ohne direkten Bezug zu Ihrer Person, d.h. in pseudonymisierter Form, gespeichert.<\/p>\n\n\n\n<p>Protokolldaten zur Missbrauchserkennung speichern wir im gesetzlichen Rahmen f\u00fcr 7 Tage.<\/p>\n\n\n\n<p><strong>Welche Rechte haben Sie?<\/strong><\/p>\n\n\n\n<p>Sie haben das&nbsp;<strong>Recht auf Information<\/strong>&nbsp;\u00fcber Art, Zweck und Umfang der von uns durchgef\u00fchrten Datenverarbeitung.<\/p>\n\n\n\n<p>Sie haben das&nbsp;<strong>Recht auf weitere Auskunft<\/strong>&nbsp;zur Verarbeitung Ihrer pers\u00f6nlichen Daten, bei Fehlern haben Sie das&nbsp;<strong>Recht auf L\u00f6schung bzw. Korrektur<\/strong>&nbsp;oder auf&nbsp;<strong>Einschr\u00e4nkung der Verarbeitung<\/strong>.<\/p>\n\n\n\n<p>Sie k\u00f6nnen gegebenen Einwilligungen jederzeit formlos&nbsp;<strong>widersprechen<\/strong>.<\/p>\n\n\n\n<p>Wenn Sie der Meinung sind, wir w\u00fcrden Ihrem Anliegen zum Datenschutz nicht angemessen nachkommen, haben Sie das&nbsp;<strong>Recht auf Beschwerde<\/strong>&nbsp;bei der zust\u00e4ndigen Datenschutzbeh\u00f6rde.&nbsp;<a href=\"https:\/\/www.bfdi.bund.de\/DE\/Infothek\/Anschriften_Links\/anschriften_links-node.html\">https:\/\/www.bfdi.bund.de\/DE\/Infothek\/Anschriften_Links\/anschriften_links-node.html<\/a><\/p>\n\n\n\n<p><strong>An wen wende ich mich bei Fragen zum Datenschutz?<\/strong><\/p>\n\n\n\n<p>Wenn Sie Fragen zum Datenschutz haben, so wenden Sie sich vorzugsweise an unseren beh\u00f6rdlichen Datenschutzbeauftragten unter&nbsp;<a href=\"mailto:datenschutzbeauftragter@hs-ulm.de\">datenschutzbeauftragter@hs-ulm.de<\/a>&nbsp;oder per Telefon: 0173\/50-208 (Telefonzentrale).<\/p>\n\n\n\n<p><strong>Wo erhalte ich weitergehende Informationen?<\/strong><\/p>\n\n\n\n<p>Diese Datenschutzhinweise geben Ihnen einen \u00dcberblick \u00fcber die Erhebung und Verarbeitung Ihrer Daten. Detaillierte Informationen finden Sie in unserer ausf\u00fchrlichen Datenschutzerkl\u00e4rung:&nbsp;<a href=\"https:\/\/studium.hs-ulm.de\/de\/Seiten\/Datenschutzerklaerung.aspx\">https:\/\/studium.hs-ulm.de\/de\/Seiten\/Datenschutzerklaerung.aspx<\/a>.<\/p>\n\n\n\n<p><strong>Verwendete Begrifflichkeiten<\/strong><\/p>\n\n\n\n<p>\u201ePersonenbezogene Daten\u201c sind alle Informationen, die sich auf eine identifizierte oder identifizierbare nat\u00fcrliche Person (im Folgenden \u201ebetroffene Person\u201c) beziehen; als identifizierbar wird eine nat\u00fcrliche Person angesehen, die direkt oder indirekt, insbesondere mittels Zuordnung zu einer Kennung wie einem Namen, zu einer Kennnummer, zu Standortdaten, zu einer Online-Kennung (z.B. Cookie) oder zu einem oder mehreren besonderen Merkmalen identifiziert werden kann, die Ausdruck der physischen, physiologischen, genetischen, psychischen, wirtschaftlichen, kulturellen oder sozialen Identit\u00e4t dieser nat\u00fcrlichen Person sind.<\/p>\n\n\n\n<p>\u201eVerarbeitung\u201c ist jeder mit oder ohne Hilfe automatisierter Verfahren ausgef\u00fchrten Vorgang oder jede solche Vorgangsreihe im Zusammenhang mit personenbezogenen Daten. Der Begriff reicht weit und umfasst praktisch jeden Umgang mit Daten.<\/p>\n\n\n\n<p>Als \u201eVerantwortlicher\u201c wird die nat\u00fcrliche oder juristische Person, Beh\u00f6rde, Einrichtung oder andere Stelle, die allein oder gemeinsam mit anderen \u00fcber die Zwecke und Mittel der Verarbeitung von personenbezogenen Daten entscheidet, bezeichnet.<\/p>\n\n\n\n<p><strong>Ma\u00dfgebliche Rechtsgrundlagen<\/strong><\/p>\n\n\n\n<p>Nach Ma\u00dfgabe des Art. 13 DSGVO teilen wir Ihnen die Rechtsgrundlagen unserer Datenverarbeitungen mit. Sofern die Rechtsgrundlage in der Datenschutzerkl\u00e4rung nicht genannt wird, gilt Folgendes: Die Rechtsgrundlage f\u00fcr die Einholung von Einwilligungen ist Art. 6 Abs. 1 lit. a und Art. 7 DSGVO, die Rechtsgrundlage f\u00fcr die Verarbeitung zur Erf\u00fcllung unserer Leistungen und Durchf\u00fchrung vertraglicher Ma\u00dfnahmen sowie Beantwortung von Anfragen ist Art. 6 Abs. 1 lit. b DSGVO, die Rechtsgrundlage f\u00fcr die Verarbeitung zur Erf\u00fcllung unserer rechtlichen Verpflichtungen ist Art. 6 Abs. 1 lit. c DSGVO, und die Rechtsgrundlage f\u00fcr die Verarbeitung zur Wahrung unserer berechtigten Interessen ist Art. 6 Abs. 1 lit. f DSGVO. F\u00fcr den Fall, dass lebenswichtige Interessen der betroffenen Person oder einer anderen nat\u00fcrlichen Person eine Verarbeitung personenbezogener Daten erforderlich machen, dient Art. 6 Abs. 1 lit. d DSGVO als Rechtsgrundlage.<\/p>\n\n\n\n<hr class=\"wp-block-separator has-css-opacity\"\/>\n\n\n\n<p><strong>Wir verwenden Google Fonts<\/strong><\/p>\n\n\n\n<p>Auf unserer Website verwenden wir Google Fonts. Das sind die \u201cGoogle-Schriften\u201d der Firma Google Inc. F\u00fcr den europ\u00e4ischen Raum ist das Unternehmen Google Ireland Limited (Gordon House, Barrow Street Dublin 4, Irland) f\u00fcr alle Google-Dienste verantwortlich.<\/p>\n\n\n\n<p>F\u00fcr die Verwendung von Google-Schriftarten m\u00fcssen Sie sich nicht anmelden bzw. ein Passwort hinterlegen. Weiters werden auch keine Cookies in Ihrem Browser gespeichert. Die Dateien (CSS, Schriftarten\/Fonts) werden \u00fcber die Google-Domains fonts.googleapis.com und fonts.gstatic.com angefordert. Laut Google sind die Anfragen nach CSS und Schriften vollkommen getrennt von allen anderen Google-Diensten. Wenn Sie ein Google-Konto haben, brauchen Sie keine Sorge haben, dass Ihre Google-Kontodaten, w\u00e4hrend der Verwendung von Google Fonts, an Google \u00fcbermittelt werden. Google erfasst die Nutzung von CSS (Cascading Style Sheets) und der verwendeten Schriftarten und speichert diese Daten sicher. Wie die Datenspeicherung genau aussieht, werden wir uns noch im Detail ansehen.<\/p>\n\n\n\n<p>Google Fonts (fr\u00fcher Google Web Fonts) ist ein Verzeichnis mit \u00fcber 800 Schriftarten, die <a href=\"https:\/\/de.wikipedia.org\/wiki\/Google_LLC?tid=331642578607\">Google<\/a>&nbsp;Ihren Nutzern kostenlos zu Verf\u00fcgung stellen.<\/p>\n\n\n\n<p>Viele dieser Schriftarten sind unter der&nbsp;SIL Open Font License&nbsp;ver\u00f6ffentlicht, w\u00e4hrend andere unter der&nbsp;Apache-Lizenz&nbsp;ver\u00f6ffentlicht wurden. Beides sind&nbsp;freie Software-Lizenzen.<\/p>\n\n\n\n<p><strong>Warum verwenden wir Google Fonts?<\/strong><\/p>\n\n\n\n<p>Mit Google Fonts k\u00f6nnen wir auf der eigenen Webseite Schriften nutzen, und m\u00fcssen sie nicht auf unserem eigenen Server hochladen. Google Fonts ist ein wichtiger Baustein, um die Qualit\u00e4t unserer Webseite hoch zu halten. Alle Google-Schriften sind automatisch f\u00fcr das Web optimiert und dies spart Datenvolumen und ist speziell f\u00fcr die Verwendung bei mobilen Endger\u00e4ten ein gro\u00dfer Vorteil. Wenn Sie unsere Seite besuchen, sorgt die niedrige Dateigr\u00f6\u00dfe f\u00fcr eine schnelle Ladezeit. Des Weiteren sind Google Fonts sichere Web Fonts. Unterschiedliche Bildsynthese-Systeme (Rendering) in verschiedenen Browsern, Betriebssystemen und mobilen Endger\u00e4ten k\u00f6nnen zu Fehlern f\u00fchren. Solche Fehler k\u00f6nnen teilweise Texte bzw. ganze Webseiten optisch verzerren. Dank des schnellen Content Delivery Network (CDN) gibt es mit Google Fonts keine plattform\u00fcbergreifenden Probleme. Google Fonts unterst\u00fctzt alle g\u00e4ngigen Browser (Google Chrome,&nbsp;Mozilla Firefox,&nbsp;Apple Safari,&nbsp;Opera) und funktioniert zuverl\u00e4ssig auf den meisten modernen mobilen Betriebssystemen, einschlie\u00dflich Android 2.2+ und iOS 4.2+ (iPhone, iPad, iPod). Wir verwenden die Google Fonts also, damit wir unser gesamtes Online-Service so sch\u00f6n und einheitlich wie m\u00f6glich darstellen k\u00f6nnen.<\/p>\n\n\n\n<p><strong>Welche Daten werden von Google gespeichert?<\/strong><\/p>\n\n\n\n<p>Wenn Sie unsere Webseite besuchen, werden die Schriften \u00fcber einen Google-Server nachgeladen. Durch diesen externen Aufruf werden Daten an die Google-Server \u00fcbermittelt. So erkennt Google auch, dass Sie bzw. Ihre IP-Adresse unsere Webseite besucht. Die Google Fonts API wurde entwickelt, um Verwendung, Speicherung und Erfassung von Endnutzerdaten auf das zu reduzieren, was f\u00fcr eine ordentliche Bereitstellung von Schriften n\u00f6tig ist.&nbsp;API steht \u00fcbrigens f\u00fcr \u201eApplication Programming Interface\u201c und dient unter anderem als Daten\u00fcbermittler im Softwarebereich.<\/p>\n\n\n\n<p>Google Fonts speichert CSS- und Schrift-Anfragen sicher bei Google und ist somit gesch\u00fctzt.&nbsp;Durch die gesammelten Nutzungszahlen kann Google feststellen, wie gut die einzelnen Schriften ankommen. Die Ergebnisse ver\u00f6ffentlicht Google auf internen Analyseseiten, wie beispielsweise Google Analytics. Zudem verwendet Google auch Daten des eigenen Web-Crawlers, um festzustellen, welche Webseiten Google-Schriften verwenden. Diese Daten werden in der BigQuery-Datenbank von Google Fonts ver\u00f6ffentlicht. Unternehmer und Entwickler n\u00fctzen das Google-Webservice&nbsp;BigQuery, um gro\u00dfe Datenmengen untersuchen und bewegen zu k\u00f6nnen.<\/p>\n\n\n\n<p>Zu bedenken gilt allerdings noch, dass durch jede Google Font Anfrage auch Informationen wie&nbsp;Spracheinstellungen, IP-Adresse, Version des Browsers, Bildschirmaufl\u00f6sung des Browsers und Name des Browsers automatisch an die Google-Server \u00fcbertragen werden. Ob diese Daten auch gespeichert werden, ist nicht klar feststellbar bzw. wird von Google nicht eindeutig kommuniziert.<\/p>\n\n\n\n<p><strong>Wie lange und wo werden die Daten gespeichert?<\/strong><\/p>\n\n\n\n<p>Anfragen f\u00fcr CSS-Assets speichert Google einen Tag lang auf seinen Servern, die haupts\u00e4chlich au\u00dferhalb der EU angesiedelt sind. Das erm\u00f6glicht uns, mithilfe eines Google-Stylesheets die Schriftarten zu nutzen. Ein Stylesheet ist eine Formatvorlage, \u00fcber die man einfach und schnell z.B. das Design bzw. die Schriftart einer Webseite \u00e4ndern kann.<\/p>\n\n\n\n<p>Die Font-Dateien werden bei Google ein Jahr gespeichert. Google verfolgt damit das Ziel, die Ladezeit von Webseiten grunds\u00e4tzlich zu verbessern. Wenn Millionen von Webseiten auf die gleichen Schriften verweisen, werden sie nach dem ersten Besuch zwischengespeichert und erscheinen sofort auf allen anderen sp\u00e4ter besuchten Webseiten wieder. Manchmal aktualisiert Google Schriftdateien, um die Dateigr\u00f6\u00dfe zu reduzieren, die Abdeckung von Sprache zu erh\u00f6hen und das Design zu verbessern.<\/p>\n\n\n\n<p><strong>Wie kann ich meine Daten l\u00f6schen bzw. die Datenspeicherung verhindern?<\/strong><\/p>\n\n\n\n<p>Jene Daten, die Google f\u00fcr einen Tag bzw. ein Jahr speichert k\u00f6nnen nicht einfach gel\u00f6scht werden. Die Daten werden beim Seitenaufruf automatisch an Google \u00fcbermittelt. Um diese Daten vorzeitig l\u00f6schen zu k\u00f6nnen, m\u00fcssen Sie den Google-Support auf <a href=\"https:\/\/support.google.com\/?hl=de&amp;tid=331642578607\">https:\/\/support.google.com\/?hl=de&amp;tid=331642578607<\/a> kontaktieren. Datenspeicherung verhindern Sie in diesem Fall nur, wenn Sie unsere Seite nicht besuchen.<\/p>\n\n\n\n<p>Anders als andere Web-Schriften erlaubt uns Google uneingeschr\u00e4nkten Zugriff auf alle Schriftarten. Wir k\u00f6nnen also unlimitiert auf ein Meer an Schriftarten zugreifen und so das Optimum f\u00fcr unsere Webseite rausholen. Mehr zu Google Fonts und weiteren Fragen finden Sie auf <a href=\"https:\/\/developers.google.com\/fonts\/faq?tid=331642578607\">https:\/\/developers.google.com\/fonts\/faq?tid=331642578607<\/a>. Dort geht zwar Google auf datenschutzrelevante Angelegenheiten ein, doch wirklich detaillierte Informationen \u00fcber Datenspeicherung sind nicht enthalten. Es ist relativ schwierig, von Google wirklich pr\u00e4zise Informationen \u00fcber gespeicherten Daten zu bekommen.<\/p>\n\n\n\n<p><strong>Rechtsgrundlage<\/strong><\/p>\n\n\n\n<p>Wenn Sie eingewilligt haben, dass Google Fonts eingesetzt werden darf, ist die Rechtsgrundlage der entsprechenden Datenverarbeitung diese Einwilligung. Diese Einwilligung stellt laut<strong> Art. 6 Abs. 1 lit. a DSGVO (Einwilligung)<\/strong> die Rechtsgrundlage f\u00fcr die Verarbeitung personenbezogener Daten, wie sie bei der Erfassung durch Google Fonts vorkommen kann, dar.<\/p>\n\n\n\n<p>Von unserer Seite besteht zudem ein berechtigtes Interesse, Google Font zu verwenden, um unser Online-Service zu optimieren. Die daf\u00fcr entsprechende Rechtsgrundlage ist <strong>Art. 6 Abs. 1 lit. f DSGVO (Berechtigte Interessen)<\/strong>. Wir setzen Google Font gleichwohl nur ein, soweit Sie eine Einwilligung erteilt haben.<\/p>\n\n\n\n<p>Google verarbeitet Daten von Ihnen u.a. auch in den USA. Wir weisen darauf hin, dass nach Meinung des Europ\u00e4ischen Gerichtshofs derzeit kein angemessenes Schutzniveau f\u00fcr den Datentransfer in die USA besteht. Dies kann mit verschiedenen Risiken f\u00fcr die Rechtm\u00e4\u00dfigkeit und Sicherheit der Datenverarbeitung einhergehen.<\/p>\n\n\n\n<p>Als Grundlage der Datenverarbeitung bei Empf\u00e4ngern mit Sitz in Drittstaaten (au\u00dferhalb der Europ\u00e4ischen Union, Island, Liechtenstein, Norwegen, also insbesondere in den USA) oder einer Datenweitergabe dorthin verwendet Google sogenannte Standardvertragsklauseln (= Art. 46. Abs. 2 und 3 DSGVO). Standardvertragsklauseln (Standard Contractual Clauses \u2013 SCC) sind von der EU-Kommission bereitgestellte Mustervorlagen und sollen sicherstellen, dass Ihre Daten auch dann den europ\u00e4ischen Datenschutzstandards entsprechen, wenn diese in Drittl\u00e4nder (wie beispielsweise in die USA) \u00fcberliefert und dort gespeichert werden. Durch diese Klauseln verpflichtet sich Google, bei der Verarbeitung Ihrer relevanten Daten, das europ\u00e4ische Datenschutzniveau einzuhalten, selbst wenn die Daten in den USA gespeichert, verarbeitet und verwaltet werden. Diese Klauseln basieren auf einem Durchf\u00fchrungsbeschluss der EU-Kommission. Sie finden den Beschluss und die entsprechenden Standardvertragsklauseln u.a. hier: <a href=\"https:\/\/eur-lex.europa.eu\/eli\/dec_impl\/2021\/914\/oj?locale=de\" target=\"_blank\" rel=\"noreferrer noopener\">https:\/\/eur-lex.europa.eu\/eli\/dec_impl\/2021\/914\/oj?locale=de<\/a><\/p>\n\n\n\n<p>Die Google Ads Datenverarbeitungsbedingungen (Google Ads Data Processing Terms), welche auch den Standardvertragsklauseln f\u00fcr Google Fonts entsprechen, finden Sie unter <a href=\"https:\/\/business.safety.google\/adsprocessorterms\/\" target=\"_blank\" rel=\"noreferrer noopener\">https:\/\/business.safety.google\/adsprocessorterms\/<\/a>.<\/p>\n\n\n\n<p>Welche Daten grunds\u00e4tzlich von Google erfasst werden und wof\u00fcr diese Daten verwendet werden, k\u00f6nnen Sie auch auf <a href=\"https:\/\/policies.google.com\/privacy?hl=de&amp;tid=331642578607\">https:\/\/www.google.com\/intl\/de\/policies\/privacy\/<\/a> nachlesen.<\/p>\n\n\n\n<hr class=\"wp-block-separator has-css-opacity\"\/>\n\n\n\n<p>Die Nutzung dieses Informationsangebots erfolgt im Rahmen der&nbsp;<a href=\"https:\/\/studium.hs-ulm.de\/de\/Seiten\/Datenschutzerklaerung_kurz.aspx\">allgemeinen Datenschutzerkl\u00e4rung der Technischen Hochschule Ulm<\/a>&nbsp;.<\/p>\n","protected":false},"excerpt":{"rendered":"<p>Kontakt: Jochen Herrmann, Technische Hochschule UlmAlbert-Einstein-Allee 53,89081 Ulmdm@hs-ulm.deTelefon: +49 (0)731\/96537 448 Den beh\u00f6rdlichen Datenschutzbeauftragtender Technische Hochschule Ulm erreichen Sie unter datenschutzbeauftragter@hs-ulm.de Datenschutzbeauftragter der Technische Hochschule Ulm Prittwitzstrasse 1089075 UlmTelefon: +49 (0)731 96537-100\u00a0Telefax: +49 (0)731 96537-120 Die folgenden Datenschutzhinweise geben Ihnen einen \u00dcberblick \u00fcber die Erfassung und Verarbeitung von Daten zu Ihrer Person in unseren Webangeboten. [&hellip;]<\/p>\n","protected":false},"author":1,"featured_media":0,"parent":0,"menu_order":0,"comment_status":"closed","ping_status":"open","template":"","meta":{"footnotes":""},"class_list":["post-3","page","type-page","status-publish","hentry","entry"],"_links":{"self":[{"href":"https:\/\/h5pvideo.azurewebsites.net\/index.php\/wp-json\/wp\/v2\/pages\/3","targetHints":{"allow":["GET"]}}],"collection":[{"href":"https:\/\/h5pvideo.azurewebsites.net\/index.php\/wp-json\/wp\/v2\/pages"}],"about":[{"href":"https:\/\/h5pvideo.azurewebsites.net\/index.php\/wp-json\/wp\/v2\/types\/page"}],"author":[{"embeddable":true,"href":"https:\/\/h5pvideo.azurewebsites.net\/index.php\/wp-json\/wp\/v2\/users\/1"}],"replies":[{"embeddable":true,"href":"https:\/\/h5pvideo.azurewebsites.net\/index.php\/wp-json\/wp\/v2\/comments?post=3"}],"version-history":[{"count":0,"href":"https:\/\/h5pvideo.azurewebsites.net\/index.php\/wp-json\/wp\/v2\/pages\/3\/revisions"}],"wp:attachment":[{"href":"https:\/\/h5pvideo.azurewebsites.net\/index.php\/wp-json\/wp\/v2\/media?parent=3"}],"curies":[{"name":"wp","href":"https:\/\/api.w.org\/{rel}","templated":true}]}}