{"id":552,"date":"2022-01-11T12:17:14","date_gmt":"2022-01-11T12:17:14","guid":{"rendered":"http:\/\/dm-nts16.ikt.hs-ulm.de\/?page_id=552"},"modified":"2023-08-28T06:19:54","modified_gmt":"2023-08-28T06:19:54","slug":"impressum","status":"publish","type":"page","link":"https:\/\/h5pvideo.azurewebsites.net\/index.php\/impressum\/","title":{"rendered":"Impressum"},"content":{"rendered":"\n<p>Technische Hochschule Ulm<br>Hochschule f\u00fcr angewandte Wissenschaften<br>Prittwitzstrasse 10<br>89075 Ulm<br><strong>Vertreten durch:<\/strong><br>Die Technische Hochschule Ulm ist eine K\u00f6rperschaft des \u00f6ffentlichen Rechts. Sie wird durch den Rektor Prof. Dr. Volker Reuter gesetzlich vertreten.<br><strong>Kontakt:<\/strong><br>Telefon: +49 (0)731\/96537 448<br>E-Mail: <a href=\"mailto:dm@hs-ulm.de\">dm@hs-ulm.de<\/a><\/p>\n\n\n\n<p><strong>Umsatzsteuer-ID:<\/strong><br>Umsatzsteuer-Identifikationsnummer gem\u00e4\u00df \u00a727a Umsatzsteuergesetz:<br>DE-811 38 6002<br><strong>Aufsichtsbeh\u00f6rde:<\/strong><br>Ministerium f\u00fcr wissenschaft, Forschung und Kunst Baden-W\u00fcrttemberg (MWK) K\u00f6nigstrasse 46 70173 Stuttgart<br><a href=\"https:\/\/mwk.baden-wuerttemberg.de\/de\/startseite\/\" target=\"_blank\" rel=\"noreferrer noopener\">https:\/\/mwk.badenwuerttemberg.de\/<\/a><br><br><strong>Verantwortlich f\u00fcr den Inhalt nach \u00a7 55 Abs. 2 RStV:<\/strong><br>Prof. Dr. Volker Reuter, Rektor der Hochschule Ulm<br><br><strong>Fragen zur Homepage:<\/strong><br>F\u00fcr inhaltliche Fehlermeldungen, Aktualisierungen oder Erg\u00e4nzungsw\u00fcnsche kontaktieren Sie bitte das Online-Redaktionsteam unter: <a href=\"mailto:dm@hs-ulm.de\">dm@hs-ulm.de<\/a><br>F\u00fcr technische Fehlermeldungen und Erweiterungsw\u00fcnsche wenden Sie sich bitte an unser Webteam unter: <a href=\"mailto:dm@hs-ulm.de\">dm@hs-ulm.de<\/a><br><br><strong>Quellenangaben f\u00fcr die verwendeten Bilder und Grafiken:<\/strong><br>Jochen Herrmann\/Hochschule Ulm, Laurens Braig\/Hochschule Ulm.<br>Bei studentischen Projekten wird der Name direkt auf der Seite angegeben. Bei Einzelprojekten unter &#8220;Realisierung&#8221; und bei Teamarbeiten unter &#8220;Team&#8221;.<\/p>\n\n\n\n<p><strong>Weibliche und m\u00e4nnliche Schreibweise<\/strong>:<br>Die Hochschule Ulm bem\u00fcht sich sowohl die weibliche als auch die m\u00e4nnliche Schreibweise zu verwenden. Aus Gr\u00fcnden der besseren Lesbarkeit wird teilweise jedoch nur die m\u00e4nnliche Schreibweise verwendet. Wir weisen hier ausdr\u00fccklich darauf hin, dass bei den entsprechenden Beitr\u00e4gen die m\u00e4nnliche Form sich immer zugleich auf weibliche und m\u00e4nnliche Personen bezieht.<\/p>\n\n\n\n<h4 class=\"wp-block-heading\">Haftungsausschluss<\/h4>\n\n\n\n<p><strong>Haftung f\u00fcr Inhalte:<\/strong><br>Als Diensteanbieter sind wir gem\u00e4\u00df \u00a7 7 Abs.1 TMG f\u00fcr eigene Inhalte auf diesen Seiten nach den allgemeinen Gesetzen verantwortlich. Nach \u00a7\u00a7 8 bis 10 TMG sind wir als Diensteanbieter jedoch nicht verpflichtet, \u00fcbermittelte oder gespeicherte fremde Informationen zu \u00fcberwachen oder nach Umst\u00e4nden zu forschen, die auf eine rechtswidrige T\u00e4tigkeit hinweisen. Verpflichtungen zur Entfernung oder Sperrung der Nutzung von Informationen nach den allgemeinen Gesetzen bleiben hiervon unber\u00fchrt. Eine diesbez\u00fcgliche Haftung ist jedoch erst ab dem Zeitpunkt der Kenntnis einer konkreten Rechtsverletzung m\u00f6glich. Bei Bekanntwerden von entsprechenden Rechtsverletzungen werden wir diese Inhalte umgehend entfernen.<br><br><strong>Haftung f\u00fcr Links:<\/strong><br>Unser Angebot enth\u00e4lt Links zu externen Webseiten Dritter, auf deren Inhalte wir keinen Einfluss haben. Deshalb k\u00f6nnen wir f\u00fcr diese fremden Inhalte auch keine Gew\u00e4hr \u00fcbernehmen. F\u00fcr die Inhalte der verlinkten Seiten ist stets der jeweilige Anbieter oder Betreiber der Seiten verantwortlich. Die verlinkten Seiten wurden zum Zeitpunkt der Verlinkung auf m\u00f6gliche Rechtsverst\u00f6\u00dfe \u00fcberpr\u00fcft. Rechtswidrige Inhalte waren zum Zeitpunkt der Verlinkung nicht erkennbar. Eine permanente inhaltliche Kontrolle der verlinkten Seiten ist jedoch ohne konkrete Anhaltspunkte einer Rechtsverletzung nicht zumutbar. Bei Bekanntwerden von Rechtsverletzungen werden wir derartige Links umgehend entfernen.<br><br><strong>Urheberrecht:<\/strong><br>Die durch die Seitenbetreiber erstellten Inhalte und Werke auf diesen Seiten unterliegen dem deutschen Urheberrecht. Die Vervielf\u00e4ltigung, Bearbeitung, Verbreitung und jede Art der Verwertung au\u00dferhalb der Grenzen des Urheberrechtes bed\u00fcrfen der schriftlichen Zustimmung des jeweiligen Autors bzw. Erstellers. Downloads und Kopien dieser Seite sind nur f\u00fcr den privaten, nicht kommerziellen Gebrauch gestattet. Soweit die Inhalte auf dieser Seite nicht vom Betreiber erstellt wurden, werden die Urheberrechte Dritter beachtet. Insbesondere werden Inhalte Dritter als solche gekennzeichnet. Sollten Sie trotzdem auf eine Urheberrechtsverletzung aufmerksam werden, bitten wir um einen entsprechenden Hinweis. Bei Bekanntwerden von Rechtsverletzungen werden wir derartige Inhalte umgehend entfernen.<\/p>\n\n\n\n<h4 class=\"wp-block-heading\"><br>Social Media<\/h4>\n\n\n\n<p><strong>Hinweis zur Nutzung von Social Media<\/strong><br>Die Hochschule Ulm nutzt die Kommunikationsm\u00f6glichkeiten, die Soziale Medien bieten. Sie macht jedoch darauf aufmerksam, dass bereits durch das Anklicken von Links zu diesen Diensten eine \u00dcbermittlung personenbezogener Daten erfolgen kann. Dies ist unabh\u00e4ngig davon, ob Sie selbst Mitglied des sozialen Netzwerks sind oder nicht. Diese Daten k\u00f6nnten technisch zum Aufbau eines personenbezogenen Profils genutzt werden. Mit dem Anklicken dieser Links verlassen Sie den von der Hochschule Ulm kontrollierten und verantworteten Bereich. Beachten Sie auf jeden Fall die Datenschutzregelungen und -einstellungen der Anbieter.<br><br>Die Inhalte der Social Media Kan\u00e4le werden mit gr\u00f6\u00dftm\u00f6glicher Sorgfalt recherchiert und erstellt. Eine Gew\u00e4hr f\u00fcr die Richtigkeit, Vollst\u00e4ndigkeit, Aktualit\u00e4t und Qualit\u00e4t der bereitgestellten Inhalte kann trotz sorgf\u00e4ltiger Pr\u00fcfung nicht \u00fcbernommen werden. Hinweise und Korrekturen senden Sie bitte an <a href=\"mailto:socialmedia@hs-ulm.de\">socialmedia@hs-ulm.de<\/a>.<\/p>\n\n\n\n<p>Diese Website verwendet Google Fonts.<br><br>Namentlich gekennzeichnete Beitr\u00e4ge geben die Meinung des jeweiligen Autors und nicht die Meinung der Hochschule Ulm wieder. Die Hochschule Ulm ist nicht verantwortlich f\u00fcr Kommentare und Posts Dritter.<br><strong>Netikette<\/strong><br>Wir freuen uns, wenn Sie Kommentare, Fotos, Videos und Links auf unseren Social Media Kan\u00e4len posten. Wir haben den Anspruch, dass die Diskussionen zu den Inhalten f\u00fcr alle Leser interessante und relevante Erkenntnisse liefern. Damit alle Besucher dieser Seiten Freude daran haben, bitten wir Sie folgende Spielregeln zu beachten: Zur <a rel=\"noreferrer noopener\" href=\"https:\/\/studium.hs-ulm.de\/de\/Seiten\/Impressum_Netikette.aspx\" target=\"_blank\">Netikette<\/a>.<\/p>\n\n\n\n<h4 class=\"wp-block-heading\">Tracking<\/h4>\n\n\n\n<p>Die Hochschule Ulm verwendet keine Trackingdienste wie Facebook Pixel, Google Analytics etc. Bitte beachten Sie aber, dass die Verarbeitung, Speicherung, L\u00f6schung und Nutzung personenbezogener Daten in den sozialen Netwerken dem jeweiligen Dienstanbieter obliegt und die Hochschule Ulm darauf keinen Einfluss hat.<\/p>\n","protected":false},"excerpt":{"rendered":"<p>Technische Hochschule UlmHochschule f\u00fcr angewandte WissenschaftenPrittwitzstrasse 1089075 UlmVertreten durch:Die Technische Hochschule Ulm ist eine K\u00f6rperschaft des \u00f6ffentlichen Rechts. Sie wird durch den Rektor Prof. Dr. Volker Reuter gesetzlich vertreten.Kontakt:Telefon: +49 (0)731\/96537 448E-Mail: dm@hs-ulm.de Umsatzsteuer-ID:Umsatzsteuer-Identifikationsnummer gem\u00e4\u00df \u00a727a Umsatzsteuergesetz:DE-811 38 6002Aufsichtsbeh\u00f6rde:Ministerium f\u00fcr wissenschaft, Forschung und Kunst Baden-W\u00fcrttemberg (MWK) K\u00f6nigstrasse 46 70173 Stuttgarthttps:\/\/mwk.badenwuerttemberg.de\/ Verantwortlich f\u00fcr den Inhalt nach [&hellip;]<\/p>\n","protected":false},"author":1,"featured_media":0,"parent":0,"menu_order":0,"comment_status":"closed","ping_status":"closed","template":"","meta":{"footnotes":""},"class_list":["post-552","page","type-page","status-publish","hentry","entry"],"_links":{"self":[{"href":"https:\/\/h5pvideo.azurewebsites.net\/index.php\/wp-json\/wp\/v2\/pages\/552","targetHints":{"allow":["GET"]}}],"collection":[{"href":"https:\/\/h5pvideo.azurewebsites.net\/index.php\/wp-json\/wp\/v2\/pages"}],"about":[{"href":"https:\/\/h5pvideo.azurewebsites.net\/index.php\/wp-json\/wp\/v2\/types\/page"}],"author":[{"embeddable":true,"href":"https:\/\/h5pvideo.azurewebsites.net\/index.php\/wp-json\/wp\/v2\/users\/1"}],"replies":[{"embeddable":true,"href":"https:\/\/h5pvideo.azurewebsites.net\/index.php\/wp-json\/wp\/v2\/comments?post=552"}],"version-history":[{"count":0,"href":"https:\/\/h5pvideo.azurewebsites.net\/index.php\/wp-json\/wp\/v2\/pages\/552\/revisions"}],"wp:attachment":[{"href":"https:\/\/h5pvideo.azurewebsites.net\/index.php\/wp-json\/wp\/v2\/media?parent=552"}],"curies":[{"name":"wp","href":"https:\/\/api.w.org\/{rel}","templated":true}]}}